{"id":1573,"date":"2025-10-26T20:53:49","date_gmt":"2025-10-26T19:53:49","guid":{"rendered":"https:\/\/www.mopsmm.pl\/?page_id=1573"},"modified":"2026-01-21T12:05:45","modified_gmt":"2026-01-21T11:05:45","slug":"opieka-wytchnieniowa","status":"publish","type":"page","link":"https:\/\/www.mopsmm.pl\/?page_id=1573","title":{"rendered":"Opieka wytchnieniowa"},"content":{"rendered":"\n<p class=\"has-text-align-center\"><strong>FUNDUSZ SOLIDARNO\u015aCIOWY \u201eOpieka wytchnieniowa \u201d \u2212 edycja 2026 dla Jednostek Samorz\u0105du<\/strong><\/p>\n\n\n\n<figure class=\"wp-block-image size-large\"><img fetchpriority=\"high\" decoding=\"async\" width=\"724\" height=\"1024\" src=\"https:\/\/www.mopsmm.pl\/wp-content\/uploads\/2026\/01\/plakat-OW-edycja-2026-724x1024.jpg\" alt=\"\" class=\"wp-image-1773\" srcset=\"https:\/\/www.mopsmm.pl\/wp-content\/uploads\/2026\/01\/plakat-OW-edycja-2026-724x1024.jpg 724w, https:\/\/www.mopsmm.pl\/wp-content\/uploads\/2026\/01\/plakat-OW-edycja-2026-212x300.jpg 212w, https:\/\/www.mopsmm.pl\/wp-content\/uploads\/2026\/01\/plakat-OW-edycja-2026-768x1086.jpg 768w, https:\/\/www.mopsmm.pl\/wp-content\/uploads\/2026\/01\/plakat-OW-edycja-2026-1086x1536.jpg 1086w, https:\/\/www.mopsmm.pl\/wp-content\/uploads\/2026\/01\/plakat-OW-edycja-2026-1448x2048.jpg 1448w, https:\/\/www.mopsmm.pl\/wp-content\/uploads\/2026\/01\/plakat-OW-edycja-2026-scaled.jpg 1810w\" sizes=\"(max-width: 724px) 100vw, 724px\" \/><\/figure>\n\n\n\n<figure class=\"wp-block-image size-large\"><img decoding=\"async\" width=\"724\" height=\"1024\" src=\"https:\/\/www.mopsmm.pl\/wp-content\/uploads\/2026\/01\/centrum_medyczno_diagnostyczne_banery_www_09_osrodek_pomocy_minsk_12.04.2021_450x320_acf_cropped-724x1024.jpg\" alt=\"\" class=\"wp-image-1774\" srcset=\"https:\/\/www.mopsmm.pl\/wp-content\/uploads\/2026\/01\/centrum_medyczno_diagnostyczne_banery_www_09_osrodek_pomocy_minsk_12.04.2021_450x320_acf_cropped-724x1024.jpg 724w, https:\/\/www.mopsmm.pl\/wp-content\/uploads\/2026\/01\/centrum_medyczno_diagnostyczne_banery_www_09_osrodek_pomocy_minsk_12.04.2021_450x320_acf_cropped-212x300.jpg 212w, https:\/\/www.mopsmm.pl\/wp-content\/uploads\/2026\/01\/centrum_medyczno_diagnostyczne_banery_www_09_osrodek_pomocy_minsk_12.04.2021_450x320_acf_cropped-768x1086.jpg 768w, https:\/\/www.mopsmm.pl\/wp-content\/uploads\/2026\/01\/centrum_medyczno_diagnostyczne_banery_www_09_osrodek_pomocy_minsk_12.04.2021_450x320_acf_cropped-1086x1536.jpg 1086w, https:\/\/www.mopsmm.pl\/wp-content\/uploads\/2026\/01\/centrum_medyczno_diagnostyczne_banery_www_09_osrodek_pomocy_minsk_12.04.2021_450x320_acf_cropped-1448x2048.jpg 1448w, https:\/\/www.mopsmm.pl\/wp-content\/uploads\/2026\/01\/centrum_medyczno_diagnostyczne_banery_www_09_osrodek_pomocy_minsk_12.04.2021_450x320_acf_cropped-scaled.jpg 1810w\" sizes=\"(max-width: 724px) 100vw, 724px\" \/><\/figure>\n\n\n\n<p><a href=\"https:\/\/www.mopsmm.pl\/wp-content\/uploads\/2026\/01\/Zalacznik-nr-7-do-Programu-OW-JST-2026_karta_zgloszenia.pdf\" target=\"_blank\" rel=\"noreferrer noopener\">Karta zg\u0142oszenie do programu<\/a> <\/p>\n\n\n\n<p><a href=\"https:\/\/www.mopsmm.pl\/wp-content\/uploads\/2026\/01\/REGULAMIN-PROGRAMU-OPIEKA-WYTCHNIENIOWA-2026.pdf\">Regulamin programu <\/a><\/p>\n\n\n\n<p><a href=\"https:\/\/www.mopsmm.pl\/wp-content\/uploads\/2026\/01\/OW-KLAUZUKLA-2026.pdf\" target=\"_blank\" rel=\"noreferrer noopener\">Klauzula informacyjna<\/a><\/p>\n\n\n\n<p><a href=\"https:\/\/www.mopsmm.pl\/wp-content\/uploads\/2026\/01\/Zalacznik-nr-8-do-Programu-OW-JST-2026_karta_realizacji_uslug.pdf\">Karta realizacji us\u0142ugi<\/a><\/p>\n\n\n\n<p><a href=\"https:\/\/www.mopsmm.pl\/wp-content\/uploads\/2026\/01\/Zalacznik-nr-2-Regulamin-swiadczenia-uslug-opieki-wytchnieniowej-w-miescie-Minsk-Mazowiecki-2026.pdf\" target=\"_blank\" rel=\"noreferrer noopener\">Regulamin \u015bwiadczenia us\u0142ugi <\/a><\/p>\n\n\n\n<p><a href=\"https:\/\/www.mopsmm.pl\/wp-content\/uploads\/2026\/01\/Zalacznik-nr-3-Prawa-i-Obowiazki-opiekuna-odbiorcy-uslugi-korzystajacego-z-uslug-opieki-wytchnieniowej-w-formie-pobytu-calodobo.pdf\" target=\"_blank\" rel=\"noreferrer noopener\">Prawa i Obowi\u0105zki opiekuna odbiorcy us\u0142ugi korzystaj\u0105cego z us\u0142ug<\/a><\/p>\n\n\n\n<p><\/p>\n\n\n\n<p><\/p>\n\n\n\n<p class=\"has-text-align-center\"><strong>Edycja 2025<\/strong><\/p>\n\n\n\n<figure class=\"wp-block-image size-large\"><img decoding=\"async\" width=\"724\" height=\"1024\" src=\"https:\/\/www.mopsmm.pl\/wp-content\/uploads\/2025\/11\/plakat-OW-edycja-2025-724x1024.jpg\" alt=\"\" class=\"wp-image-1598\" srcset=\"https:\/\/www.mopsmm.pl\/wp-content\/uploads\/2025\/11\/plakat-OW-edycja-2025-724x1024.jpg 724w, https:\/\/www.mopsmm.pl\/wp-content\/uploads\/2025\/11\/plakat-OW-edycja-2025-212x300.jpg 212w, https:\/\/www.mopsmm.pl\/wp-content\/uploads\/2025\/11\/plakat-OW-edycja-2025-768x1086.jpg 768w, https:\/\/www.mopsmm.pl\/wp-content\/uploads\/2025\/11\/plakat-OW-edycja-2025-1086x1536.jpg 1086w, https:\/\/www.mopsmm.pl\/wp-content\/uploads\/2025\/11\/plakat-OW-edycja-2025-1448x2048.jpg 1448w, https:\/\/www.mopsmm.pl\/wp-content\/uploads\/2025\/11\/plakat-OW-edycja-2025-scaled.jpg 1810w\" sizes=\"(max-width: 724px) 100vw, 724px\" \/><\/figure>\n\n\n\n<figure class=\"wp-block-image size-large\"><img loading=\"lazy\" decoding=\"async\" width=\"724\" height=\"1024\" src=\"https:\/\/www.mopsmm.pl\/wp-content\/uploads\/2025\/11\/OW-2025-KLAUZULA-724x1024.jpg\" alt=\"\" class=\"wp-image-1599\" srcset=\"https:\/\/www.mopsmm.pl\/wp-content\/uploads\/2025\/11\/OW-2025-KLAUZULA-724x1024.jpg 724w, https:\/\/www.mopsmm.pl\/wp-content\/uploads\/2025\/11\/OW-2025-KLAUZULA-212x300.jpg 212w, https:\/\/www.mopsmm.pl\/wp-content\/uploads\/2025\/11\/OW-2025-KLAUZULA-768x1086.jpg 768w, https:\/\/www.mopsmm.pl\/wp-content\/uploads\/2025\/11\/OW-2025-KLAUZULA-1086x1536.jpg 1086w, https:\/\/www.mopsmm.pl\/wp-content\/uploads\/2025\/11\/OW-2025-KLAUZULA-1448x2048.jpg 1448w, https:\/\/www.mopsmm.pl\/wp-content\/uploads\/2025\/11\/OW-2025-KLAUZULA.jpg 1654w\" sizes=\"(max-width: 724px) 100vw, 724px\" \/><\/figure>\n\n\n\n<figure class=\"wp-block-image size-large\"><img loading=\"lazy\" decoding=\"async\" width=\"724\" height=\"1024\" src=\"https:\/\/www.mopsmm.pl\/wp-content\/uploads\/2025\/11\/Informacja-na-strone-internetowa-Opieka-wytchnieniowa-2025-724x1024.jpg\" alt=\"\" class=\"wp-image-1597\" srcset=\"https:\/\/www.mopsmm.pl\/wp-content\/uploads\/2025\/11\/Informacja-na-strone-internetowa-Opieka-wytchnieniowa-2025-724x1024.jpg 724w, https:\/\/www.mopsmm.pl\/wp-content\/uploads\/2025\/11\/Informacja-na-strone-internetowa-Opieka-wytchnieniowa-2025-212x300.jpg 212w, https:\/\/www.mopsmm.pl\/wp-content\/uploads\/2025\/11\/Informacja-na-strone-internetowa-Opieka-wytchnieniowa-2025-768x1086.jpg 768w, https:\/\/www.mopsmm.pl\/wp-content\/uploads\/2025\/11\/Informacja-na-strone-internetowa-Opieka-wytchnieniowa-2025-1086x1536.jpg 1086w, https:\/\/www.mopsmm.pl\/wp-content\/uploads\/2025\/11\/Informacja-na-strone-internetowa-Opieka-wytchnieniowa-2025-1448x2048.jpg 1448w, https:\/\/www.mopsmm.pl\/wp-content\/uploads\/2025\/11\/Informacja-na-strone-internetowa-Opieka-wytchnieniowa-2025-scaled.jpg 1810w\" sizes=\"(max-width: 724px) 100vw, 724px\" \/><\/figure>\n\n\n\n<p class=\"has-text-align-center\"><strong>Edycja 2024<\/strong><\/p>\n\n\n\n<figure class=\"wp-block-image size-large\"><img loading=\"lazy\" decoding=\"async\" width=\"724\" height=\"1024\" src=\"https:\/\/www.mopsmm.pl\/wp-content\/uploads\/2025\/11\/plakat-OW-edycja-2024-724x1024.jpg\" alt=\"\" class=\"wp-image-1591\" srcset=\"https:\/\/www.mopsmm.pl\/wp-content\/uploads\/2025\/11\/plakat-OW-edycja-2024-724x1024.jpg 724w, https:\/\/www.mopsmm.pl\/wp-content\/uploads\/2025\/11\/plakat-OW-edycja-2024-212x300.jpg 212w, https:\/\/www.mopsmm.pl\/wp-content\/uploads\/2025\/11\/plakat-OW-edycja-2024-768x1086.jpg 768w, https:\/\/www.mopsmm.pl\/wp-content\/uploads\/2025\/11\/plakat-OW-edycja-2024-1086x1536.jpg 1086w, https:\/\/www.mopsmm.pl\/wp-content\/uploads\/2025\/11\/plakat-OW-edycja-2024-1448x2048.jpg 1448w, https:\/\/www.mopsmm.pl\/wp-content\/uploads\/2025\/11\/plakat-OW-edycja-2024-scaled.jpg 1810w\" sizes=\"(max-width: 724px) 100vw, 724px\" \/><\/figure>\n\n\n\n<figure class=\"wp-block-image size-large\"><img loading=\"lazy\" decoding=\"async\" width=\"724\" height=\"1024\" src=\"https:\/\/www.mopsmm.pl\/wp-content\/uploads\/2025\/11\/Program-OW-2024-INFO-NA-STRONE-2025_Strona_1-1-724x1024.jpg\" alt=\"\" class=\"wp-image-1594\" srcset=\"https:\/\/www.mopsmm.pl\/wp-content\/uploads\/2025\/11\/Program-OW-2024-INFO-NA-STRONE-2025_Strona_1-1-724x1024.jpg 724w, https:\/\/www.mopsmm.pl\/wp-content\/uploads\/2025\/11\/Program-OW-2024-INFO-NA-STRONE-2025_Strona_1-1-212x300.jpg 212w, https:\/\/www.mopsmm.pl\/wp-content\/uploads\/2025\/11\/Program-OW-2024-INFO-NA-STRONE-2025_Strona_1-1-768x1086.jpg 768w, https:\/\/www.mopsmm.pl\/wp-content\/uploads\/2025\/11\/Program-OW-2024-INFO-NA-STRONE-2025_Strona_1-1-1086x1536.jpg 1086w, https:\/\/www.mopsmm.pl\/wp-content\/uploads\/2025\/11\/Program-OW-2024-INFO-NA-STRONE-2025_Strona_1-1-1448x2048.jpg 1448w, https:\/\/www.mopsmm.pl\/wp-content\/uploads\/2025\/11\/Program-OW-2024-INFO-NA-STRONE-2025_Strona_1-1-scaled.jpg 1810w\" sizes=\"(max-width: 724px) 100vw, 724px\" \/><\/figure>\n\n\n\n<figure class=\"wp-block-image size-large\"><img loading=\"lazy\" decoding=\"async\" width=\"724\" height=\"1024\" src=\"https:\/\/www.mopsmm.pl\/wp-content\/uploads\/2025\/11\/Informacja-na-strone-internetowa-Opieka-wytchnieniowa-2024-22-724x1024.jpg\" alt=\"\" class=\"wp-image-1596\" srcset=\"https:\/\/www.mopsmm.pl\/wp-content\/uploads\/2025\/11\/Informacja-na-strone-internetowa-Opieka-wytchnieniowa-2024-22-724x1024.jpg 724w, https:\/\/www.mopsmm.pl\/wp-content\/uploads\/2025\/11\/Informacja-na-strone-internetowa-Opieka-wytchnieniowa-2024-22-212x300.jpg 212w, https:\/\/www.mopsmm.pl\/wp-content\/uploads\/2025\/11\/Informacja-na-strone-internetowa-Opieka-wytchnieniowa-2024-22-768x1086.jpg 768w, https:\/\/www.mopsmm.pl\/wp-content\/uploads\/2025\/11\/Informacja-na-strone-internetowa-Opieka-wytchnieniowa-2024-22-1086x1536.jpg 1086w, https:\/\/www.mopsmm.pl\/wp-content\/uploads\/2025\/11\/Informacja-na-strone-internetowa-Opieka-wytchnieniowa-2024-22-1448x2048.jpg 1448w, https:\/\/www.mopsmm.pl\/wp-content\/uploads\/2025\/11\/Informacja-na-strone-internetowa-Opieka-wytchnieniowa-2024-22-scaled.jpg 1810w\" sizes=\"(max-width: 724px) 100vw, 724px\" \/><\/figure>\n","protected":false},"excerpt":{"rendered":"<p>FUNDUSZ SOLIDARNO\u015aCIOWY \u201eOpieka wytchnieniowa \u201d \u2212 edycja 2026 dla Jednostek Samorz\u0105du Karta zg\u0142oszenie do programu Regulamin programu Klauzula informacyjna Karta realizacji us\u0142ugi Regulamin \u015bwiadczenia us\u0142ugi Prawa i Obowi\u0105zki opiekuna odbiorcy us\u0142ugi korzystaj\u0105cego z us\u0142ug Edycja 2025 Edycja 2024<\/p>\n","protected":false},"author":1,"featured_media":0,"parent":0,"menu_order":0,"comment_status":"closed","ping_status":"closed","template":"","meta":{"footnotes":""},"class_list":["post-1573","page","type-page","status-publish","hentry"],"_links":{"self":[{"href":"https:\/\/www.mopsmm.pl\/index.php?rest_route=\/wp\/v2\/pages\/1573","targetHints":{"allow":["GET"]}}],"collection":[{"href":"https:\/\/www.mopsmm.pl\/index.php?rest_route=\/wp\/v2\/pages"}],"about":[{"href":"https:\/\/www.mopsmm.pl\/index.php?rest_route=\/wp\/v2\/types\/page"}],"author":[{"embeddable":true,"href":"https:\/\/www.mopsmm.pl\/index.php?rest_route=\/wp\/v2\/users\/1"}],"replies":[{"embeddable":true,"href":"https:\/\/www.mopsmm.pl\/index.php?rest_route=%2Fwp%2Fv2%2Fcomments&post=1573"}],"version-history":[{"count":7,"href":"https:\/\/www.mopsmm.pl\/index.php?rest_route=\/wp\/v2\/pages\/1573\/revisions"}],"predecessor-version":[{"id":1787,"href":"https:\/\/www.mopsmm.pl\/index.php?rest_route=\/wp\/v2\/pages\/1573\/revisions\/1787"}],"wp:attachment":[{"href":"https:\/\/www.mopsmm.pl\/index.php?rest_route=%2Fwp%2Fv2%2Fmedia&parent=1573"}],"curies":[{"name":"wp","href":"https:\/\/api.w.org\/{rel}","templated":true}]}}