{"id":1578,"date":"2025-10-26T21:02:19","date_gmt":"2025-10-26T20:02:19","guid":{"rendered":"https:\/\/www.mopsmm.pl\/?page_id=1578"},"modified":"2026-01-21T13:36:29","modified_gmt":"2026-01-21T12:36:29","slug":"asystent-osoby-z-niepelnosprawnoscia","status":"publish","type":"page","link":"https:\/\/www.mopsmm.pl\/?page_id=1578","title":{"rendered":"ASYSTENT OSOBY Z NIEPE\u0141NOSPRAWNO\u015aCI\u0104"},"content":{"rendered":"\n<p>FUNDUSZ SOLIDARNO\u015aCIOWY \u201eAsystent osobisty osoby z niepe\u0142nosprawno\u015bci\u0105\u201d \u2212 edycja 2026<\/p>\n\n\n\n<figure class=\"wp-block-image size-large\"><img fetchpriority=\"high\" decoding=\"async\" width=\"724\" height=\"1024\" src=\"https:\/\/www.mopsmm.pl\/wp-content\/uploads\/2026\/01\/plakat-AOON-edycja-2026-724x1024.jpg\" alt=\"\" class=\"wp-image-1789\" srcset=\"https:\/\/www.mopsmm.pl\/wp-content\/uploads\/2026\/01\/plakat-AOON-edycja-2026-724x1024.jpg 724w, https:\/\/www.mopsmm.pl\/wp-content\/uploads\/2026\/01\/plakat-AOON-edycja-2026-212x300.jpg 212w, https:\/\/www.mopsmm.pl\/wp-content\/uploads\/2026\/01\/plakat-AOON-edycja-2026-768x1086.jpg 768w, https:\/\/www.mopsmm.pl\/wp-content\/uploads\/2026\/01\/plakat-AOON-edycja-2026-1086x1536.jpg 1086w, https:\/\/www.mopsmm.pl\/wp-content\/uploads\/2026\/01\/plakat-AOON-edycja-2026-1448x2048.jpg 1448w, https:\/\/www.mopsmm.pl\/wp-content\/uploads\/2026\/01\/plakat-AOON-edycja-2026-scaled.jpg 1810w\" sizes=\"(max-width: 724px) 100vw, 724px\" \/><\/figure>\n\n\n\n<figure class=\"wp-block-image size-large\"><a href=\"https:\/\/www.mopsmm.pl\/wp-content\/uploads\/2026\/01\/Informacja-Program-Asystent-osobisty-osoby-niepelnosprawnej-2026.pdf\" target=\"_blank\" rel=\" noreferrer noopener\"><img decoding=\"async\" width=\"724\" height=\"1024\" src=\"https:\/\/www.mopsmm.pl\/wp-content\/uploads\/2026\/01\/Informacja-Program-Asystent-osobisty-osoby-niepelnosprawnej-2026-2-724x1024.jpg\" alt=\"\" class=\"wp-image-1800\" srcset=\"https:\/\/www.mopsmm.pl\/wp-content\/uploads\/2026\/01\/Informacja-Program-Asystent-osobisty-osoby-niepelnosprawnej-2026-2-724x1024.jpg 724w, https:\/\/www.mopsmm.pl\/wp-content\/uploads\/2026\/01\/Informacja-Program-Asystent-osobisty-osoby-niepelnosprawnej-2026-2-212x300.jpg 212w, https:\/\/www.mopsmm.pl\/wp-content\/uploads\/2026\/01\/Informacja-Program-Asystent-osobisty-osoby-niepelnosprawnej-2026-2-768x1086.jpg 768w, https:\/\/www.mopsmm.pl\/wp-content\/uploads\/2026\/01\/Informacja-Program-Asystent-osobisty-osoby-niepelnosprawnej-2026-2-1086x1536.jpg 1086w, https:\/\/www.mopsmm.pl\/wp-content\/uploads\/2026\/01\/Informacja-Program-Asystent-osobisty-osoby-niepelnosprawnej-2026-2-1448x2048.jpg 1448w, https:\/\/www.mopsmm.pl\/wp-content\/uploads\/2026\/01\/Informacja-Program-Asystent-osobisty-osoby-niepelnosprawnej-2026-2-scaled.jpg 1810w\" sizes=\"(max-width: 724px) 100vw, 724px\" \/><\/a><\/figure>\n\n\n\n<p><a href=\"https:\/\/www.mopsmm.pl\/wp-content\/uploads\/2026\/01\/Informacja-Program-Asystent-osobisty-osoby-niepelnosprawnej-2026.pdf\" target=\"_blank\" rel=\"noreferrer noopener\">Informacja AOON<\/a><\/p>\n\n\n\n<p><a href=\"https:\/\/www.mopsmm.pl\/wp-content\/uploads\/2026\/01\/Regulamin-Program-Asystent-osobisty-osoby-niepelnosprawnej-2026.pdf\" target=\"_blank\" rel=\"noreferrer noopener\">Regulamin AOON<\/a><\/p>\n\n\n\n<p><a href=\"https:\/\/www.mopsmm.pl\/wp-content\/uploads\/2026\/01\/Zalacznik-1-do-Regulaminu-AOON-2026.pdf\" target=\"_blank\" rel=\"noreferrer noopener\">O\u015bwiadczenie uczestnika AOON<\/a><\/p>\n\n\n\n<p><a href=\"https:\/\/www.mopsmm.pl\/wp-content\/uploads\/2026\/01\/Zalacznik-2-do-Regulaminu-AOON-2026.pdf\" target=\"_blank\" rel=\"noreferrer noopener\">O\u015bwiadczenie asystenta AOON<\/a><\/p>\n\n\n\n<p><a href=\"https:\/\/www.mopsmm.pl\/wp-content\/uploads\/2026\/01\/Zalacznik-nr-8-do-Programu-AOON-JST-2026_karta-zakresu-czynnosci.pdf\" target=\"_blank\" rel=\"noreferrer noopener\">Karta Czynno\u015bci AOON<\/a><\/p>\n\n\n\n<p><a href=\"https:\/\/www.mopsmm.pl\/wp-content\/uploads\/2026\/01\/Zalacznik-nr-9-do-Programu-AOON-JST-2026_karta_realizacji_uslug.pdf\" target=\"_blank\" rel=\"noreferrer noopener\">Karta realizacji AOON<\/a><\/p>\n\n\n\n<p><a href=\"https:\/\/www.mopsmm.pl\/wp-content\/uploads\/2026\/01\/Zalacznik-nr-10-do-Programu-AOON-JST-2026_ewidencja-przebiegu-pojazdu.pdf\" target=\"_blank\" rel=\"noreferrer noopener\">Ewidencja przebiegu pojazdu<\/a><\/p>\n\n\n\n<p><a href=\"https:\/\/www.mopsmm.pl\/wp-content\/uploads\/2026\/01\/Zalacznik-nr-11-do-Programu-AOON-JST-2026_ewidencja-przejazdu-innym-srodkiem-transportu.pdf\" target=\"_blank\" rel=\"noreferrer noopener\">Ewidencja koszt\u00f3w przejazdu \u015brodkami transportu<\/a><\/p>\n\n\n\n<p><a href=\"https:\/\/www.mopsmm.pl\/wp-content\/uploads\/2026\/01\/Zalacznik-nr-12-do-Programu-AOON-JST-2026_ewidencja-biletow.pdf\" target=\"_blank\" rel=\"noreferrer noopener\">Ewidencja bilet\u00f3w komunikacyjnych<\/a><\/p>\n\n\n\n<p><\/p>\n\n\n\n<p>Edycja 2005<\/p>\n\n\n\n<figure class=\"wp-block-image size-large\"><img decoding=\"async\" width=\"724\" height=\"1024\" src=\"https:\/\/www.mopsmm.pl\/wp-content\/uploads\/2025\/11\/plakat-AOON-edycja-2025-724x1024.jpg\" alt=\"\" class=\"wp-image-1602\" srcset=\"https:\/\/www.mopsmm.pl\/wp-content\/uploads\/2025\/11\/plakat-AOON-edycja-2025-724x1024.jpg 724w, https:\/\/www.mopsmm.pl\/wp-content\/uploads\/2025\/11\/plakat-AOON-edycja-2025-212x300.jpg 212w, https:\/\/www.mopsmm.pl\/wp-content\/uploads\/2025\/11\/plakat-AOON-edycja-2025-768x1086.jpg 768w, https:\/\/www.mopsmm.pl\/wp-content\/uploads\/2025\/11\/plakat-AOON-edycja-2025-1086x1536.jpg 1086w, https:\/\/www.mopsmm.pl\/wp-content\/uploads\/2025\/11\/plakat-AOON-edycja-2025-1448x2048.jpg 1448w, https:\/\/www.mopsmm.pl\/wp-content\/uploads\/2025\/11\/plakat-AOON-edycja-2025-scaled.jpg 1810w\" sizes=\"(max-width: 724px) 100vw, 724px\" \/><\/figure>\n\n\n\n<figure class=\"wp-block-image size-large\"><img loading=\"lazy\" decoding=\"async\" width=\"728\" height=\"1024\" src=\"https:\/\/www.mopsmm.pl\/wp-content\/uploads\/2025\/11\/oswiadczenie-dla-osob-AOON-728x1024.jpg\" alt=\"\" class=\"wp-image-1603\" srcset=\"https:\/\/www.mopsmm.pl\/wp-content\/uploads\/2025\/11\/oswiadczenie-dla-osob-AOON-728x1024.jpg 728w, https:\/\/www.mopsmm.pl\/wp-content\/uploads\/2025\/11\/oswiadczenie-dla-osob-AOON-213x300.jpg 213w, https:\/\/www.mopsmm.pl\/wp-content\/uploads\/2025\/11\/oswiadczenie-dla-osob-AOON-768x1080.jpg 768w, https:\/\/www.mopsmm.pl\/wp-content\/uploads\/2025\/11\/oswiadczenie-dla-osob-AOON-1092x1536.jpg 1092w, https:\/\/www.mopsmm.pl\/wp-content\/uploads\/2025\/11\/oswiadczenie-dla-osob-AOON-1456x2048.jpg 1456w, https:\/\/www.mopsmm.pl\/wp-content\/uploads\/2025\/11\/oswiadczenie-dla-osob-AOON.jpg 1654w\" sizes=\"(max-width: 728px) 100vw, 728px\" \/><\/figure>\n\n\n\n<figure class=\"wp-block-image size-large\"><img loading=\"lazy\" decoding=\"async\" width=\"728\" height=\"1024\" src=\"https:\/\/www.mopsmm.pl\/wp-content\/uploads\/2025\/11\/Zalacznik-2-do-Regulaminu-AOON-2025-728x1024.jpg\" alt=\"\" class=\"wp-image-1604\" srcset=\"https:\/\/www.mopsmm.pl\/wp-content\/uploads\/2025\/11\/Zalacznik-2-do-Regulaminu-AOON-2025-728x1024.jpg 728w, https:\/\/www.mopsmm.pl\/wp-content\/uploads\/2025\/11\/Zalacznik-2-do-Regulaminu-AOON-2025-213x300.jpg 213w, https:\/\/www.mopsmm.pl\/wp-content\/uploads\/2025\/11\/Zalacznik-2-do-Regulaminu-AOON-2025-768x1080.jpg 768w, https:\/\/www.mopsmm.pl\/wp-content\/uploads\/2025\/11\/Zalacznik-2-do-Regulaminu-AOON-2025-1092x1536.jpg 1092w, https:\/\/www.mopsmm.pl\/wp-content\/uploads\/2025\/11\/Zalacznik-2-do-Regulaminu-AOON-2025-1456x2048.jpg 1456w, https:\/\/www.mopsmm.pl\/wp-content\/uploads\/2025\/11\/Zalacznik-2-do-Regulaminu-AOON-2025.jpg 1654w\" sizes=\"(max-width: 728px) 100vw, 728px\" \/><\/figure>\n\n\n\n<figure class=\"wp-block-image size-large\"><img loading=\"lazy\" decoding=\"async\" width=\"703\" height=\"1024\" src=\"https:\/\/www.mopsmm.pl\/wp-content\/uploads\/2025\/11\/Klauzula-RODO-AOON-2025-703x1024.jpg\" alt=\"\" class=\"wp-image-1605\" srcset=\"https:\/\/www.mopsmm.pl\/wp-content\/uploads\/2025\/11\/Klauzula-RODO-AOON-2025-703x1024.jpg 703w, https:\/\/www.mopsmm.pl\/wp-content\/uploads\/2025\/11\/Klauzula-RODO-AOON-2025-206x300.jpg 206w, https:\/\/www.mopsmm.pl\/wp-content\/uploads\/2025\/11\/Klauzula-RODO-AOON-2025-768x1118.jpg 768w, https:\/\/www.mopsmm.pl\/wp-content\/uploads\/2025\/11\/Klauzula-RODO-AOON-2025-1055x1536.jpg 1055w, https:\/\/www.mopsmm.pl\/wp-content\/uploads\/2025\/11\/Klauzula-RODO-AOON-2025-1407x2048.jpg 1407w, https:\/\/www.mopsmm.pl\/wp-content\/uploads\/2025\/11\/Klauzula-RODO-AOON-2025.jpg 1654w\" sizes=\"(max-width: 703px) 100vw, 703px\" \/><\/figure>\n\n\n\n<p>Edycja 2024<\/p>\n\n\n\n<figure class=\"wp-block-image size-large\"><img loading=\"lazy\" decoding=\"async\" width=\"724\" height=\"1024\" src=\"https:\/\/www.mopsmm.pl\/wp-content\/uploads\/2025\/11\/plakat-AOON-edycja-2024_page-0001-724x1024.jpg\" alt=\"\" class=\"wp-image-1588\" srcset=\"https:\/\/www.mopsmm.pl\/wp-content\/uploads\/2025\/11\/plakat-AOON-edycja-2024_page-0001-724x1024.jpg 724w, https:\/\/www.mopsmm.pl\/wp-content\/uploads\/2025\/11\/plakat-AOON-edycja-2024_page-0001-212x300.jpg 212w, https:\/\/www.mopsmm.pl\/wp-content\/uploads\/2025\/11\/plakat-AOON-edycja-2024_page-0001-768x1086.jpg 768w, https:\/\/www.mopsmm.pl\/wp-content\/uploads\/2025\/11\/plakat-AOON-edycja-2024_page-0001-1086x1536.jpg 1086w, https:\/\/www.mopsmm.pl\/wp-content\/uploads\/2025\/11\/plakat-AOON-edycja-2024_page-0001-1448x2048.jpg 1448w, https:\/\/www.mopsmm.pl\/wp-content\/uploads\/2025\/11\/plakat-AOON-edycja-2024_page-0001.jpg 1755w\" sizes=\"(max-width: 724px) 100vw, 724px\" \/><\/figure>\n","protected":false},"excerpt":{"rendered":"<p>FUNDUSZ SOLIDARNO\u015aCIOWY \u201eAsystent osobisty osoby z niepe\u0142nosprawno\u015bci\u0105\u201d \u2212 edycja 2026 Informacja AOON Regulamin AOON O\u015bwiadczenie uczestnika AOON O\u015bwiadczenie asystenta AOON Karta Czynno\u015bci AOON Karta realizacji AOON Ewidencja przebiegu pojazdu Ewidencja koszt\u00f3w przejazdu \u015brodkami transportu Ewidencja bilet\u00f3w komunikacyjnych Edycja 2005 Edycja 2024<\/p>\n","protected":false},"author":1,"featured_media":0,"parent":0,"menu_order":0,"comment_status":"closed","ping_status":"closed","template":"","meta":{"footnotes":""},"class_list":["post-1578","page","type-page","status-publish","hentry"],"_links":{"self":[{"href":"https:\/\/www.mopsmm.pl\/index.php?rest_route=\/wp\/v2\/pages\/1578","targetHints":{"allow":["GET"]}}],"collection":[{"href":"https:\/\/www.mopsmm.pl\/index.php?rest_route=\/wp\/v2\/pages"}],"about":[{"href":"https:\/\/www.mopsmm.pl\/index.php?rest_route=\/wp\/v2\/types\/page"}],"author":[{"embeddable":true,"href":"https:\/\/www.mopsmm.pl\/index.php?rest_route=\/wp\/v2\/users\/1"}],"replies":[{"embeddable":true,"href":"https:\/\/www.mopsmm.pl\/index.php?rest_route=%2Fwp%2Fv2%2Fcomments&post=1578"}],"version-history":[{"count":10,"href":"https:\/\/www.mopsmm.pl\/index.php?rest_route=\/wp\/v2\/pages\/1578\/revisions"}],"predecessor-version":[{"id":1810,"href":"https:\/\/www.mopsmm.pl\/index.php?rest_route=\/wp\/v2\/pages\/1578\/revisions\/1810"}],"wp:attachment":[{"href":"https:\/\/www.mopsmm.pl\/index.php?rest_route=%2Fwp%2Fv2%2Fmedia&parent=1578"}],"curies":[{"name":"wp","href":"https:\/\/api.w.org\/{rel}","templated":true}]}}