{"id":249,"date":"2024-09-04T13:35:00","date_gmt":"2024-09-04T11:35:00","guid":{"rendered":"https:\/\/www.centrumpomocyspolecznej.pl\/?page_id=249"},"modified":"2026-01-14T09:42:50","modified_gmt":"2026-01-14T08:42:50","slug":"dane-adresowe","status":"publish","type":"page","link":"https:\/\/www.mopsmm.pl\/?page_id=249","title":{"rendered":"Dane adresowe"},"content":{"rendered":"\t\t<div data-elementor-type=\"wp-page\" data-elementor-id=\"249\" class=\"elementor elementor-249\" data-elementor-post-type=\"page\">\n\t\t\t\t<div class=\"elementor-element elementor-element-971e758 e-con-full e-flex e-con e-parent\" data-id=\"971e758\" data-element_type=\"container\" data-e-type=\"container\">\n\t\t<div class=\"elementor-element elementor-element-46b7efe e-con-full e-flex e-con e-child\" data-id=\"46b7efe\" data-element_type=\"container\" data-e-type=\"container\">\n\t\t\t\t<div class=\"elementor-element elementor-element-986c79f elementor-widget elementor-widget-image\" data-id=\"986c79f\" data-element_type=\"widget\" data-e-type=\"widget\" data-widget_type=\"image.default\">\n\t\t\t\t<div class=\"elementor-widget-container\">\n\t\t\t\t\t\t\t\t\t\t\t\t\t\t\t<img fetchpriority=\"high\" decoding=\"async\" width=\"431\" height=\"150\" src=\"https:\/\/www.mopsmm.pl\/wp-content\/uploads\/2024\/09\/cropped-logo111-2-1.png\" class=\"attachment-large size-large wp-image-97\" alt=\"\" \/>\t\t\t\t\t\t\t\t\t\t\t\t\t\t\t<\/div>\n\t\t\t\t<\/div>\n\t\t\t\t<\/div>\n\t\t<div class=\"elementor-element elementor-element-454c752 e-con-full e-flex e-con e-child\" data-id=\"454c752\" data-element_type=\"container\" data-e-type=\"container\">\n\t\t\t\t<div class=\"elementor-element elementor-element-69aff2a elementor-widget elementor-widget-text-editor\" data-id=\"69aff2a\" data-element_type=\"widget\" data-e-type=\"widget\" data-widget_type=\"text-editor.default\">\n\t\t\t\t<div class=\"elementor-widget-container\">\n\t\t\t\t\t\t\t\t\t<div class=\"row\"><div class=\"col-lg-5 col-md-6 col-sm-6 glowna-info1\">ul. Ko\u015bciuszki 25 A<\/div><\/div><div class=\"row\"><div class=\"col-lg-6 col-md-6 col-sm-6 glowna-info2\">05-300 Mi\u0144sk<b> <\/b>Mazowiecki<\/div><\/div><div class=\"row\"><div class=\"col-lg-5 col-md-6 col-sm-6 glowna-info1\">tel.: 25 758 22 24<\/div><\/div><div class=\"row\"><div class=\"col-lg-5 col-md-6 col-sm-6 glowna-info1\">fax: 25 758 22 24<\/div><\/div><div class=\"row\"><div class=\"col-lg-5 col-md-6 col-sm-6 glowna-info1\">e-mail: \u00a0<a href=\"mailto:mops@mopsmm.pl\">mops@mopsmm.pl<\/a><\/div><\/div><div class=\"row\"><div class=\"col-lg-5 col-md-6 col-sm-6 glowna-info1\">adres strony www: <a href=\"http:\/\/www.minskmaz.mops.pl\/\">http:\/\/mopsmm.pl\/<\/a><\/div><div>e-dor\u0119czenia AE:PL-11431-21459-AHIIW-12<\/div><div>e-puap: \/mopsmm\/skrytka<\/div><\/div>\t\t\t\t\t\t\t\t<\/div>\n\t\t\t\t<\/div>\n\t\t\t\t<\/div>\n\t\t\t\t<\/div>\n\t\t<div class=\"elementor-element elementor-element-e5c4579 e-flex e-con-boxed e-con e-parent\" data-id=\"e5c4579\" data-element_type=\"container\" data-e-type=\"container\">\n\t\t\t\t\t<div class=\"e-con-inner\">\n\t\t\t\t<div class=\"elementor-element elementor-element-b5675c6 elementor-widget-divider--view-line elementor-widget elementor-widget-divider\" data-id=\"b5675c6\" data-element_type=\"widget\" data-e-type=\"widget\" data-widget_type=\"divider.default\">\n\t\t\t\t<div class=\"elementor-widget-container\">\n\t\t\t\t\t\t\t<div class=\"elementor-divider\">\n\t\t\t<span class=\"elementor-divider-separator\">\n\t\t\t\t\t\t<\/span>\n\t\t<\/div>\n\t\t\t\t\t\t<\/div>\n\t\t\t\t<\/div>\n\t\t\t\t\t<\/div>\n\t\t\t\t<\/div>\n\t\t<div class=\"elementor-element elementor-element-18edf9a e-flex e-con-boxed e-con e-parent\" data-id=\"18edf9a\" data-element_type=\"container\" data-e-type=\"container\">\n\t\t\t\t\t<div class=\"e-con-inner\">\n\t\t<div class=\"elementor-element elementor-element-f348e03 e-con-full e-flex e-con e-child\" data-id=\"f348e03\" data-element_type=\"container\" data-e-type=\"container\">\n\t\t\t\t<\/div>\n\t\t<div class=\"elementor-element elementor-element-4a58a14 e-con-full e-flex e-con e-child\" data-id=\"4a58a14\" data-element_type=\"container\" data-e-type=\"container\">\n\t\t\t\t<div class=\"elementor-element elementor-element-a6062d5 elementor-widget elementor-widget-text-editor\" data-id=\"a6062d5\" data-element_type=\"widget\" data-e-type=\"widget\" data-widget_type=\"text-editor.default\">\n\t\t\t\t<div class=\"elementor-widget-container\">\n\t\t\t\t\t\t\t\t\t<h3><strong>Dyrektor&nbsp; Miejskiego O\u015brodka&nbsp;<\/strong><strong>Pomocy Spo\u0142ecznej&nbsp; w Mi\u0144sku Mazowieckim<\/strong><\/h3>\t\t\t\t\t\t\t\t<\/div>\n\t\t\t\t<\/div>\n\t\t\t\t<div class=\"elementor-element elementor-element-4f936bc elementor-widget elementor-widget-text-editor\" data-id=\"4f936bc\" data-element_type=\"widget\" data-e-type=\"widget\" data-widget_type=\"text-editor.default\">\n\t\t\t\t<div class=\"elementor-widget-container\">\n\t\t\t\t\t\t\t\t\t<p><strong>\u00a0 \u00a0 \u00a0\u00a0<\/strong><br \/><strong>Dyrektor<\/strong><\/p><p><strong>Maciej Sotomski<\/strong><\/p><p><strong><br \/><\/strong><strong> przyjmuje interesant\u00f3w w sprawach skarg i wniosk\u00f3w <br \/>codziennie w godzinach od 9.00 do 11.00<\/strong>\u00a0<br \/><strong>tel. 25 758 17 70 wew 26<\/strong><br \/><strong>e-mail: <\/strong><strong>maciej.sotomski@mopsmm.pl<br \/><\/strong><a href=\"https:\/\/www.mopsmm.pl\/\"><strong>www.mopsmm.pl<\/strong><\/a><\/p>\t\t\t\t\t\t\t\t<\/div>\n\t\t\t\t<\/div>\n\t\t\t\t<\/div>\n\t\t\t\t\t<\/div>\n\t\t\t\t<\/div>\n\t\t\t\t<\/div>\n\t\t","protected":false},"excerpt":{"rendered":"<p>ul. Ko\u015bciuszki 25 A05-300 Mi\u0144sk Mazowieckitel.: 25 758 22 24fax: 25 758 22 24e-mail: \u00a0mops@mopsmm.pladres strony www: http:\/\/mopsmm.pl\/e-dor\u0119czenia AE:PL-11431-21459-AHIIW-12e-puap: \/mopsmm\/skrytka Dyrektor&nbsp; Miejskiego O\u015brodka&nbsp;Pomocy Spo\u0142ecznej&nbsp; w Mi\u0144sku Mazowieckim \u00a0 \u00a0 \u00a0\u00a0Dyrektor Maciej Sotomski przyjmuje interesant\u00f3w w sprawach skarg i wniosk\u00f3w codziennie w godzinach od 9.00 do 11.00\u00a0tel. 25 758 17 70 wew 26e-mail: maciej.sotomski@mopsmm.plwww.mopsmm.pl<\/p>\n","protected":false},"author":1,"featured_media":0,"parent":0,"menu_order":0,"comment_status":"closed","ping_status":"closed","template":"","meta":{"footnotes":""},"class_list":["post-249","page","type-page","status-publish","hentry"],"_links":{"self":[{"href":"https:\/\/www.mopsmm.pl\/index.php?rest_route=\/wp\/v2\/pages\/249","targetHints":{"allow":["GET"]}}],"collection":[{"href":"https:\/\/www.mopsmm.pl\/index.php?rest_route=\/wp\/v2\/pages"}],"about":[{"href":"https:\/\/www.mopsmm.pl\/index.php?rest_route=\/wp\/v2\/types\/page"}],"author":[{"embeddable":true,"href":"https:\/\/www.mopsmm.pl\/index.php?rest_route=\/wp\/v2\/users\/1"}],"replies":[{"embeddable":true,"href":"https:\/\/www.mopsmm.pl\/index.php?rest_route=%2Fwp%2Fv2%2Fcomments&post=249"}],"version-history":[{"count":73,"href":"https:\/\/www.mopsmm.pl\/index.php?rest_route=\/wp\/v2\/pages\/249\/revisions"}],"predecessor-version":[{"id":1753,"href":"https:\/\/www.mopsmm.pl\/index.php?rest_route=\/wp\/v2\/pages\/249\/revisions\/1753"}],"wp:attachment":[{"href":"https:\/\/www.mopsmm.pl\/index.php?rest_route=%2Fwp%2Fv2%2Fmedia&parent=249"}],"curies":[{"name":"wp","href":"https:\/\/api.w.org\/{rel}","templated":true}]}}