{"id":64,"date":"2024-09-02T12:56:43","date_gmt":"2024-09-02T10:56:43","guid":{"rendered":"https:\/\/www.centrumpomocyspolecznej.pl\/?page_id=64"},"modified":"2026-04-27T14:47:38","modified_gmt":"2026-04-27T12:47:38","slug":"wolontariat","status":"publish","type":"page","link":"https:\/\/www.mopsmm.pl\/?page_id=64","title":{"rendered":"Zesp\u00f3\u0142 interdyscyplinarny"},"content":{"rendered":"\n<p><strong>ZESP\u00d3\u0141 INTERDYSCYPLINARNY W&nbsp; MI\u0143SKU MAZOWIECKIM<\/strong><\/p>\n\n\n\n<p><strong>Zesp\u00f3\u0142 interdyscyplinarny \u2013<\/strong>&nbsp;to&nbsp;grupa specjalist\u00f3w z r\u00f3\u017cnych dziedzin (np. policja, pomoc spo\u0142eczna, o\u015bwiata, s\u0142u\u017cba zdrowia, organizacje pozarz\u0105dowe), kt\u00f3ra wsp\u00f3\u0142pracuje, aby kompleksowo rozwi\u0105zywa\u0107 problemy spo\u0142eczne, najcz\u0119\u015bciej w kontek\u015bcie&nbsp;<strong>przeciwdzia\u0142ania przemocy domowej<\/strong>, zapewniaj\u0105c wsparcie osobom i rodzinom w kryzysie. Dzia\u0142a na poziomie gmin, koordynuj\u0105c dzia\u0142ania instytucji w celu diagnozowania problem\u00f3w, inicjowania interwencji, monitorowania sytuacji i zapewnienia pomocy zgodnie z procedur\u0105&nbsp;,,<strong>Niebieskie Karty\u2019\u2019<\/strong>.<\/p>\n\n\n\n<p><a href=\"https:\/\/www.mopsmm.pl\/wp-content\/uploads\/2026\/01\/Kluczowe-dzialania.pdf\" target=\"_blank\" rel=\"noreferrer noopener\"><strong>Kluczowe zadania Zespo\u0142u Interdyscyplinarnego<\/strong><\/a><\/p>\n\n\n\n<p><a href=\"https:\/\/www.mopsmm.pl\/wp-content\/uploads\/2026\/01\/Wspolpraca.pdf\" target=\"_blank\" rel=\"noreferrer noopener\">Wsp\u00f3\u0142pracujemy z:&nbsp;<\/a><\/p>\n\n\n\n<p><a href=\"https:\/\/www.mopsmm.pl\/wp-content\/uploads\/2026\/01\/co-tojest-przemoc.pdf\" target=\"_blank\" rel=\"noreferrer noopener\">Co to jest przemoc<\/a><\/p>\n\n\n\n<p><strong><u>Problem przemocy mo\u017cna zg\u0142osi\u0107 do:<\/u><\/strong><\/p>\n\n\n\n<ul class=\"wp-block-list\">\n<li>Miejski O\u015brodek Pomocy Spo\u0142ecznej w Mi\u0144sku Mazowieckim Ko\u015bciuszki 25 A; 05-300 Mi\u0144sk Mazowiecki tel.: 25&nbsp;758 22 24<\/li>\n\n\n\n<li>Przewodnicz\u0105cy Zespo\u0142u Interdyscyplinarnego \u2013 25 758 68 75<\/li>\n\n\n\n<li>Komenda Powiatowa Policji w Mi\u0144sku Mazowieckim \u2013 ul. \u0141upi\u0144skiego 42; 05-300 Mi\u0144sk Mazowiecki tel. 47&nbsp;724 92 00<\/li>\n<\/ul>\n\n\n\n<p><em>Wykaz Dzielnicowych Miasta Mi\u0144sk Mazowiecki:<\/em><\/p>\n\n\n\n<p><a href=\"https:\/\/minsk.policja.gov.pl\/pmm\/dzielni\/dzielnicowi-kpp-w-minsk\">https:\/\/minsk.policja.gov.pl\/pmm\/dzielni\/dzielnicowi-kpp-w-minsk<\/a><\/p>\n\n\n\n<ul class=\"wp-block-list\">\n<li>Poprzez zawiadomienie przedstawicieli innych grup zawodowych( pedagog, psycholog, lekarz.)<\/li>\n<\/ul>\n\n\n\n<h3 class=\"wp-block-heading\">&nbsp;<\/h3>\n\n\n\n<h3 class=\"wp-block-heading\">Procedura ,, Niebieskie Karty\u201d<\/h3>\n\n\n\n<ul class=\"wp-block-list\">\n<li>Czy to ju\u017c przemoc? Czym&nbsp;s\u0105 \u201eNiebieskie Karty\u201d? Co zyskasz dzi\u0119ki procedurze&nbsp;\u201eNiebieskie Karty\u201d? Jaki jest jej&nbsp;przebieg?<\/li>\n\n\n\n<li>Na te i inne pytania dotycz\u0105ce \u201eNiebieskich Kart\u201d odpowiada Informator opracowany w Pogotowiu \u201eNiebieska Linia\u201d IPZ PTP&nbsp;na zlecenie i we wsp\u00f3\u0142pracy z Najwy\u017csz\u0105 Izb\u0105 Kontroli. Publikacja kierowana jest przede wszystkim do os\u00f3b bezpo\u015brednio&nbsp;obj\u0119tych procedur\u0105,&nbsp;czyli do os\u00f3b do\u015bwiadczaj\u0105cych przemocy w rodzinie.<\/li>\n<\/ul>\n\n\n\n<h3 class=\"wp-block-heading\"><a href=\"https:\/\/www.mopsmm.pl\/wp-content\/uploads\/2026\/01\/procedura-niebieskiej-karty-informator-nik-2-1598454830.pdf\" target=\"_blank\" rel=\"noreferrer noopener\">Co warto wiedzie\u0107 o procedurze Niebieskiej Karty<\/a><\/h3>\n\n\n\n<p><\/p>\n\n\n\n<p><\/p>\n","protected":false},"excerpt":{"rendered":"<p>ZESP\u00d3\u0141 INTERDYSCYPLINARNY W&nbsp; MI\u0143SKU MAZOWIECKIM Zesp\u00f3\u0142 interdyscyplinarny \u2013&nbsp;to&nbsp;grupa specjalist\u00f3w z r\u00f3\u017cnych dziedzin (np. policja, pomoc spo\u0142eczna, o\u015bwiata, s\u0142u\u017cba zdrowia, organizacje pozarz\u0105dowe), kt\u00f3ra wsp\u00f3\u0142pracuje, aby kompleksowo rozwi\u0105zywa\u0107 problemy spo\u0142eczne, najcz\u0119\u015bciej w kontek\u015bcie&nbsp;przeciwdzia\u0142ania przemocy domowej, zapewniaj\u0105c wsparcie osobom i rodzinom w kryzysie. Dzia\u0142a na poziomie gmin, koordynuj\u0105c dzia\u0142ania instytucji w celu diagnozowania problem\u00f3w, inicjowania interwencji, monitorowania sytuacji [&hellip;]<\/p>\n","protected":false},"author":1,"featured_media":0,"parent":0,"menu_order":0,"comment_status":"closed","ping_status":"closed","template":"","meta":{"footnotes":""},"class_list":["post-64","page","type-page","status-publish","hentry"],"_links":{"self":[{"href":"https:\/\/www.mopsmm.pl\/index.php?rest_route=\/wp\/v2\/pages\/64","targetHints":{"allow":["GET"]}}],"collection":[{"href":"https:\/\/www.mopsmm.pl\/index.php?rest_route=\/wp\/v2\/pages"}],"about":[{"href":"https:\/\/www.mopsmm.pl\/index.php?rest_route=\/wp\/v2\/types\/page"}],"author":[{"embeddable":true,"href":"https:\/\/www.mopsmm.pl\/index.php?rest_route=\/wp\/v2\/users\/1"}],"replies":[{"embeddable":true,"href":"https:\/\/www.mopsmm.pl\/index.php?rest_route=%2Fwp%2Fv2%2Fcomments&post=64"}],"version-history":[{"count":8,"href":"https:\/\/www.mopsmm.pl\/index.php?rest_route=\/wp\/v2\/pages\/64\/revisions"}],"predecessor-version":[{"id":2060,"href":"https:\/\/www.mopsmm.pl\/index.php?rest_route=\/wp\/v2\/pages\/64\/revisions\/2060"}],"wp:attachment":[{"href":"https:\/\/www.mopsmm.pl\/index.php?rest_route=%2Fwp%2Fv2%2Fmedia&parent=64"}],"curies":[{"name":"wp","href":"https:\/\/api.w.org\/{rel}","templated":true}]}}